{"id":2,"date":"2014-04-17T08:53:57","date_gmt":"2014-04-17T08:53:57","guid":{"rendered":"http:\/\/riverwaysandtobaccoroads.net\/?page_id=2"},"modified":"2014-04-17T12:33:59","modified_gmt":"2014-04-17T10:33:59","slug":"beispiel-seite","status":"publish","type":"page","link":"https:\/\/www.riverwaysandtobaccoroads.net\/?page_id=2","title":{"rendered":"Bezugspunkte zwischen Graz und Bosnien und Herzegowina bzw. Ex-Jugoslawien"},"content":{"rendered":"<p>In der Mitte des Grazer Hauptplatzes thront das <strong>Monument Erzherzog Johanns<\/strong>, umgeben von einem Brunnenwerk, das als Allegorien vier Fl\u00fcsse stilisiert, die bis 1918 durch die damalige Steiermark flossen. Das Denkmal f\u00fcr den modernisierenden Erzherzog wurde 1878 er\u00f6ffnet. So nahm der anwesende Kaiser Franz Joseph in seiner Rede auch auf die gerade erfolgte Annexion Bosnien-Herzegowinas durch die Habsburgermonarchie Bezug.<\/p>\n<p><strong>Thronfolger Franz Ferdinand<\/strong> wurde 1863 nur wenige Hundert Meter entfernt vom Grazer Hauptplatz im Geb\u00e4ude des heutigen Grazmuseums geboren. Die Auswirkungen des Attentats auf seine Person in Sarajevo im Jahr 1914 zeigen sich auch daran, dass zwei der am Hauptplatz dargestellten Fl\u00fcsse, welche wohl auch f\u00fcr die Einheit des Landes Steiermark standen, heute nicht mehr durch die Steiermark flie\u00dfen. Drau\/Drava und Mur\/Mura wurden zudem zu Grenzfl\u00fcssen zwischen Staaten.<\/p>\n<p>An der Drina verlief die Grenze zwischen dem Ost- und Westr\u00f6mischen Reich und sie wurde damit zur Grenze zwischen orthodoxem und katholischem Christentum am Balkan. Im Ersten Weltkrieg fand hier bereits 1914 eine bedeutende Schlacht zwischen den Armeen \u00d6sterreich-Ungarns und Serbiens statt. Heute ist der Fluss Staatsgrenze zwischen Serbien und Bosnien Herzegowina. Es war<strong> Ivo Andri\u0107<\/strong>, der in Graz als SHS-Botschafter t\u00e4tig war und hier promovierte, der dem Fluss und seiner jahrhundertelangen Geschichte von Teilendem und Verbindendem in seinem Werk \u201eDie Br\u00fccke \u00fcber die Drina\u201c (\u201eNa Drini \u0106uprija\u201c, erschienen 1945) ein Denkmal setzte. <strong>Peter Handke<\/strong>, den ebenfalls vieles mit Graz verbindet, verband in seinem kontroversiellen Buch \u201eEine winterliche Reise zu den Fl\u00fcssen Donau, Save, Morawa und Drina oder Gerechtigkeit f\u00fcr Serbien\u201c (1996) ebenfalls Zeitgeschichte mit Flusslandschaften. Der bosnische Autor <strong>D\u017eevad Karahasan<\/strong>, Grazer Stadtschreiber 1996\/2003, lebt heute in Sarajevo und Graz. Er thematisiert die historische Bedeutung der Sarajevo Br\u00fccken in seinem Buch \u201eBerichte aus der dunklen Welt\u201c (2007).<\/p>\n","protected":false},"excerpt":{"rendered":"<p>In der Mitte des Grazer Hauptplatzes thront das Monument Erzherzog Johanns, umgeben von einem Brunnenwerk, das als Allegorien vier Fl\u00fcsse stilisiert, die bis 1918 durch die damalige Steiermark flossen. Das&#8230; <a class=\"read-more-button\" href=\"https:\/\/www.riverwaysandtobaccoroads.net\/?page_id=2\">Mehr Lesen &gt;<\/a><\/p>\n","protected":false},"author":1,"featured_media":0,"parent":0,"menu_order":0,"comment_status":"open","ping_status":"open","template":"","meta":[],"_links":{"self":[{"href":"https:\/\/www.riverwaysandtobaccoroads.net\/index.php?rest_route=\/wp\/v2\/pages\/2"}],"collection":[{"href":"https:\/\/www.riverwaysandtobaccoroads.net\/index.php?rest_route=\/wp\/v2\/pages"}],"about":[{"href":"https:\/\/www.riverwaysandtobaccoroads.net\/index.php?rest_route=\/wp\/v2\/types\/page"}],"author":[{"embeddable":true,"href":"https:\/\/www.riverwaysandtobaccoroads.net\/index.php?rest_route=\/wp\/v2\/users\/1"}],"replies":[{"embeddable":true,"href":"https:\/\/www.riverwaysandtobaccoroads.net\/index.php?rest_route=%2Fwp%2Fv2%2Fcomments&post=2"}],"version-history":[{"count":7,"href":"https:\/\/www.riverwaysandtobaccoroads.net\/index.php?rest_route=\/wp\/v2\/pages\/2\/revisions"}],"predecessor-version":[{"id":45,"href":"https:\/\/www.riverwaysandtobaccoroads.net\/index.php?rest_route=\/wp\/v2\/pages\/2\/revisions\/45"}],"wp:attachment":[{"href":"https:\/\/www.riverwaysandtobaccoroads.net\/index.php?rest_route=%2Fwp%2Fv2%2Fmedia&parent=2"}],"curies":[{"name":"wp","href":"https:\/\/api.w.org\/{rel}","templated":true}]}}